{"id":67,"date":"2023-02-22T21:08:41","date_gmt":"2023-02-22T21:08:41","guid":{"rendered":"https:\/\/www.hanaoravcova.cz\/?page_id=67"},"modified":"2023-03-20T18:13:02","modified_gmt":"2023-03-20T18:13:02","slug":"cenik","status":"publish","type":"page","link":"https:\/\/www.hanaoravcova.cz\/?page_id=67","title":{"rendered":"Cen\u00edk"},"content":{"rendered":"\n<div class=\"wp-block-group\"><div class=\"wp-block-group__inner-container is-layout-constrained wp-block-group-is-layout-constrained\">\n<p><strong>Terapie a poradenstv\u00ed<\/strong><\/p>\n<p>Individu\u00e1ln\u00ed online konzultace\u00a0 \u00a0 \u00a0 \u00a0 \u00a0800 K\u010d\/hodina<br \/>Individu\u00e1ln\u00ed osobn\u00ed konzultace\u00a0 \u00a0 \u00a0 \u00a01000 K\u010d\/hodina<br \/>P\u00e1rov\u00e1\/rodinn\u00e1 konzultace\u00a0 \u00a0 \u00a0 \u00a0 \u00a0 \u00a0 \u00a01200 K\u010d\/hodina<\/p>\n<p><strong>Supervize a kou\u010dov\u00e1n\u00ed<\/strong><\/p>\n<p>Individu\u00e1ln\u00ed online supervize, konzultace<br \/>min. 60 minut\u00a0\u00a0\u00a0\u00a0\u00a0\u00a0\u00a0\u00a0\u00a0\u00a0\u00a0\u00a0\u00a0\u00a0\u00a0\u00a0\u00a0\u00a0\u00a0\u00a0\u00a0\u00a0 od 800 K\u010d\/ h<\/p>\n<p>Individu\u00e1ln\u00ed supervize<br \/>min 60 minut\u00a0\u00a0\u00a0\u00a0\u00a0\u00a0\u00a0\u00a0\u00a0\u00a0\u00a0\u00a0\u00a0\u00a0\u00a0\u00a0\u00a0\u00a0\u00a0\u00a0\u00a0\u00a0\u00a0\u00a0\u00a0\u00a0\u00a0\u00a0\u00a0\u00a0\u00a0\u00a0\u00a0 od 1000 K\u010d\/ h + doprava<\/p>\n<p>Skupinov\u00e1 p\u0159\u00edpadov\u00e1 supervize<br \/>jedno setk\u00e1n\u00ed min 2 h\u00a0\u00a0\u00a0\u00a0\u00a0\u00a0\u00a0\u00a0\u00a0\u00a0\u00a0\u00a0 \u00a0\u00a0\u00a0\u00a0\u00a0\u00a0\u00a0\u00a0 od 1500 K\u010d\/ h + doprava<\/p>\n<p>T\u00fdmov\u00e1 supervize a kou\u010dov\u00e1n\u00ed<br \/>2 \u2013 5 hodin\u00a0\u00a0\u00a0\u00a0\u00a0\u00a0\u00a0\u00a0\u00a0\u00a0\u00a0\u00a0\u00a0\u00a0\u00a0\u00a0\u00a0\u00a0\u00a0\u00a0\u00a0\u00a0\u00a0\u00a0\u00a0\u00a0 \u00a0\u00a0\u00a0\u00a0\u00a0\u00a0\u00a0\u00a0\u00a0 od 1700 K\u010d\/ h + doprava V\u00fd\u0161e Uveden\u00e9 ceny jsou orienta\u010dn\u00ed. Konkr\u00e9tn\u00ed podm\u00ednky (cena, \u010detnost, velikost skupiny\u2026) dojedn\u00e1v\u00e1m individu\u00e1ln\u011b s\u00a0ka\u017ed\u00fdm z\u00e1jemcem dle pot\u0159eb, finan\u010dn\u00edch mo\u017enost\u00ed a vzd\u00e1lenosti.<\/p>\n<p><strong>Kurzy, semin\u00e1\u0159e a webin\u00e1\u0159e<\/strong><\/p>\n<p>Min. 800 K\u010d\/hodina<br \/>Uveden\u00e1 cena je orienta\u010dn\u00ed. Konkr\u00e9tn\u00ed podm\u00ednky dojedn\u00e1v\u00e1m s ka\u017ed\u00fdm z\u00e1jemcem dle v\u00fdb\u011bru t\u00e9matu, velikosti skupiny a vzd\u00e1lenosti.<\/p>\n<p>\u00a0<\/p>\n<\/div><\/div>\n","protected":false},"excerpt":{"rendered":"<p>Terapie a poradenstv\u00ed Individu\u00e1ln\u00ed online konzultace\u00a0 \u00a0 \u00a0 \u00a0 \u00a0800 K\u010d\/hodinaIndividu\u00e1ln\u00ed osobn\u00ed konzultace\u00a0 \u00a0 \u00a0 \u00a01000 K\u010d\/hodinaP\u00e1rov\u00e1\/rodinn\u00e1 konzultace\u00a0 \u00a0 \u00a0 \u00a0 \u00a0 \u00a0 \u00a01200 K\u010d\/hodina Supervize a kou\u010dov\u00e1n\u00ed Individu\u00e1ln\u00ed online supervize, konzultacemin. 60 minut\u00a0\u00a0\u00a0\u00a0\u00a0\u00a0\u00a0\u00a0\u00a0\u00a0\u00a0\u00a0\u00a0\u00a0\u00a0\u00a0\u00a0\u00a0\u00a0\u00a0\u00a0\u00a0 od 800 K\u010d\/ h Individu\u00e1ln\u00ed supervizemin 60 minut\u00a0\u00a0\u00a0\u00a0\u00a0\u00a0\u00a0\u00a0\u00a0\u00a0\u00a0\u00a0\u00a0\u00a0\u00a0\u00a0\u00a0\u00a0\u00a0\u00a0\u00a0\u00a0\u00a0\u00a0\u00a0\u00a0\u00a0\u00a0\u00a0\u00a0\u00a0\u00a0\u00a0 od 1000 K\u010d\/ h + doprava Skupinov\u00e1 p\u0159\u00edpadov\u00e1 supervizejedno setk\u00e1n\u00ed min 2 h\u00a0\u00a0\u00a0\u00a0\u00a0\u00a0\u00a0\u00a0\u00a0\u00a0\u00a0\u00a0&hellip; <a class=\"more-link\" href=\"https:\/\/www.hanaoravcova.cz\/?page_id=67\">Pokra\u010dovat ve\u00a0\u010dten\u00ed <span class=\"screen-reader-text\">Cen\u00edk<\/span><\/a><\/p>\n","protected":false},"author":1,"featured_media":0,"parent":0,"menu_order":0,"comment_status":"closed","ping_status":"closed","template":"","meta":{"footnotes":""},"class_list":["post-67","page","type-page","status-publish","hentry","entry"],"yoast_head":"<!-- This site is optimized with the Yoast SEO plugin v20.2.1 - https:\/\/yoast.com\/wordpress\/plugins\/seo\/ -->\n<title>Psychoterapie a supervize Cen\u00edk - HANA POKORN\u00c1 ORAVCOV\u00c1<\/title>\n<meta name=\"description\" content=\"Psychoterapie pro d\u011bti a dosp\u011bl\u00e9, individu\u00e1ln\u00ed, p\u00e1rov\u00e9 a rodinn\u00e9 konzultace, supervize a kou\u010dov\u00e1n\u00ed, vzd\u011bl\u00e1v\u00e1n\u00ed\" \/>\n<meta name=\"robots\" content=\"index, follow, max-snippet:-1, max-image-preview:large, max-video-preview:-1\" \/>\n<link rel=\"canonical\" href=\"https:\/\/www.hanaoravcova.cz\/?page_id=67\" \/>\n<meta property=\"og:locale\" content=\"cs_CZ\" \/>\n<meta property=\"og:type\" content=\"article\" \/>\n<meta property=\"og:title\" content=\"Psychoterapie a supervize Cen\u00edk - HANA POKORN\u00c1 ORAVCOV\u00c1\" \/>\n<meta property=\"og:description\" content=\"Psychoterapie pro d\u011bti a dosp\u011bl\u00e9, individu\u00e1ln\u00ed, p\u00e1rov\u00e9 a rodinn\u00e9 konzultace, supervize a kou\u010dov\u00e1n\u00ed, vzd\u011bl\u00e1v\u00e1n\u00ed\" \/>\n<meta property=\"og:url\" content=\"https:\/\/www.hanaoravcova.cz\/?page_id=67\" \/>\n<meta property=\"og:site_name\" content=\"HANA POKORN\u00c1 ORAVCOV\u00c1\" \/>\n<meta property=\"article:modified_time\" content=\"2023-03-20T18:13:02+00:00\" \/>\n<meta name=\"twitter:card\" content=\"summary_large_image\" \/>\n<meta name=\"twitter:label1\" content=\"Odhadovan\u00e1 doba \u010dten\u00ed\" \/>\n\t<meta name=\"twitter:data1\" content=\"1 minuta\" \/>\n<script type=\"application\/ld+json\" class=\"yoast-schema-graph\">{\"@context\":\"https:\/\/schema.org\",\"@graph\":[{\"@type\":\"WebPage\",\"@id\":\"https:\/\/www.hanaoravcova.cz\/?page_id=67\",\"url\":\"https:\/\/www.hanaoravcova.cz\/?page_id=67\",\"name\":\"Psychoterapie a supervize Cen\u00edk - HANA POKORN\u00c1 ORAVCOV\u00c1\",\"isPartOf\":{\"@id\":\"https:\/\/www.hanaoravcova.cz\/#website\"},\"datePublished\":\"2023-02-22T21:08:41+00:00\",\"dateModified\":\"2023-03-20T18:13:02+00:00\",\"description\":\"Psychoterapie pro d\u011bti a dosp\u011bl\u00e9, individu\u00e1ln\u00ed, p\u00e1rov\u00e9 a rodinn\u00e9 konzultace, supervize a kou\u010dov\u00e1n\u00ed, vzd\u011bl\u00e1v\u00e1n\u00ed\",\"breadcrumb\":{\"@id\":\"https:\/\/www.hanaoravcova.cz\/?page_id=67#breadcrumb\"},\"inLanguage\":\"cs\",\"potentialAction\":[{\"@type\":\"ReadAction\",\"target\":[\"https:\/\/www.hanaoravcova.cz\/?page_id=67\"]}]},{\"@type\":\"BreadcrumbList\",\"@id\":\"https:\/\/www.hanaoravcova.cz\/?page_id=67#breadcrumb\",\"itemListElement\":[{\"@type\":\"ListItem\",\"position\":1,\"name\":\"Dom\u016f\",\"item\":\"https:\/\/www.hanaoravcova.cz\/\"},{\"@type\":\"ListItem\",\"position\":2,\"name\":\"Cen\u00edk\"}]},{\"@type\":\"WebSite\",\"@id\":\"https:\/\/www.hanaoravcova.cz\/#website\",\"url\":\"https:\/\/www.hanaoravcova.cz\/\",\"name\":\"HANA POKORN\u00c1 ORAVCOV\u00c1\",\"description\":\"terapie - supervize - vzd\u011bl\u00e1v\u00e1n\u00ed\",\"potentialAction\":[{\"@type\":\"SearchAction\",\"target\":{\"@type\":\"EntryPoint\",\"urlTemplate\":\"https:\/\/www.hanaoravcova.cz\/?s={search_term_string}\"},\"query-input\":\"required name=search_term_string\"}],\"inLanguage\":\"cs\"}]}<\/script>\n<!-- \/ Yoast SEO plugin. -->","yoast_head_json":{"title":"Psychoterapie a supervize Cen\u00edk - HANA POKORN\u00c1 ORAVCOV\u00c1","description":"Psychoterapie pro d\u011bti a dosp\u011bl\u00e9, individu\u00e1ln\u00ed, p\u00e1rov\u00e9 a rodinn\u00e9 konzultace, supervize a kou\u010dov\u00e1n\u00ed, vzd\u011bl\u00e1v\u00e1n\u00ed","robots":{"index":"index","follow":"follow","max-snippet":"max-snippet:-1","max-image-preview":"max-image-preview:large","max-video-preview":"max-video-preview:-1"},"canonical":"https:\/\/www.hanaoravcova.cz\/?page_id=67","og_locale":"cs_CZ","og_type":"article","og_title":"Psychoterapie a supervize Cen\u00edk - HANA POKORN\u00c1 ORAVCOV\u00c1","og_description":"Psychoterapie pro d\u011bti a dosp\u011bl\u00e9, individu\u00e1ln\u00ed, p\u00e1rov\u00e9 a rodinn\u00e9 konzultace, supervize a kou\u010dov\u00e1n\u00ed, vzd\u011bl\u00e1v\u00e1n\u00ed","og_url":"https:\/\/www.hanaoravcova.cz\/?page_id=67","og_site_name":"HANA POKORN\u00c1 ORAVCOV\u00c1","article_modified_time":"2023-03-20T18:13:02+00:00","twitter_card":"summary_large_image","twitter_misc":{"Odhadovan\u00e1 doba \u010dten\u00ed":"1 minuta"},"schema":{"@context":"https:\/\/schema.org","@graph":[{"@type":"WebPage","@id":"https:\/\/www.hanaoravcova.cz\/?page_id=67","url":"https:\/\/www.hanaoravcova.cz\/?page_id=67","name":"Psychoterapie a supervize Cen\u00edk - HANA POKORN\u00c1 ORAVCOV\u00c1","isPartOf":{"@id":"https:\/\/www.hanaoravcova.cz\/#website"},"datePublished":"2023-02-22T21:08:41+00:00","dateModified":"2023-03-20T18:13:02+00:00","description":"Psychoterapie pro d\u011bti a dosp\u011bl\u00e9, individu\u00e1ln\u00ed, p\u00e1rov\u00e9 a rodinn\u00e9 konzultace, supervize a kou\u010dov\u00e1n\u00ed, vzd\u011bl\u00e1v\u00e1n\u00ed","breadcrumb":{"@id":"https:\/\/www.hanaoravcova.cz\/?page_id=67#breadcrumb"},"inLanguage":"cs","potentialAction":[{"@type":"ReadAction","target":["https:\/\/www.hanaoravcova.cz\/?page_id=67"]}]},{"@type":"BreadcrumbList","@id":"https:\/\/www.hanaoravcova.cz\/?page_id=67#breadcrumb","itemListElement":[{"@type":"ListItem","position":1,"name":"Dom\u016f","item":"https:\/\/www.hanaoravcova.cz\/"},{"@type":"ListItem","position":2,"name":"Cen\u00edk"}]},{"@type":"WebSite","@id":"https:\/\/www.hanaoravcova.cz\/#website","url":"https:\/\/www.hanaoravcova.cz\/","name":"HANA POKORN\u00c1 ORAVCOV\u00c1","description":"terapie - supervize - vzd\u011bl\u00e1v\u00e1n\u00ed","potentialAction":[{"@type":"SearchAction","target":{"@type":"EntryPoint","urlTemplate":"https:\/\/www.hanaoravcova.cz\/?s={search_term_string}"},"query-input":"required name=search_term_string"}],"inLanguage":"cs"}]}},"_links":{"self":[{"href":"https:\/\/www.hanaoravcova.cz\/index.php?rest_route=\/wp\/v2\/pages\/67","targetHints":{"allow":["GET"]}}],"collection":[{"href":"https:\/\/www.hanaoravcova.cz\/index.php?rest_route=\/wp\/v2\/pages"}],"about":[{"href":"https:\/\/www.hanaoravcova.cz\/index.php?rest_route=\/wp\/v2\/types\/page"}],"author":[{"embeddable":true,"href":"https:\/\/www.hanaoravcova.cz\/index.php?rest_route=\/wp\/v2\/users\/1"}],"replies":[{"embeddable":true,"href":"https:\/\/www.hanaoravcova.cz\/index.php?rest_route=%2Fwp%2Fv2%2Fcomments&post=67"}],"version-history":[{"count":4,"href":"https:\/\/www.hanaoravcova.cz\/index.php?rest_route=\/wp\/v2\/pages\/67\/revisions"}],"predecessor-version":[{"id":74,"href":"https:\/\/www.hanaoravcova.cz\/index.php?rest_route=\/wp\/v2\/pages\/67\/revisions\/74"}],"wp:attachment":[{"href":"https:\/\/www.hanaoravcova.cz\/index.php?rest_route=%2Fwp%2Fv2%2Fmedia&parent=67"}],"curies":[{"name":"wp","href":"https:\/\/api.w.org\/{rel}","templated":true}]}}