{"id":31,"date":"2023-02-22T18:47:28","date_gmt":"2023-02-22T18:47:28","guid":{"rendered":"http:\/\/www.hanaoravcova.cz\/?page_id=31"},"modified":"2023-03-20T18:08:59","modified_gmt":"2023-03-20T18:08:59","slug":"o-mne","status":"publish","type":"page","link":"https:\/\/www.hanaoravcova.cz\/?page_id=31","title":{"rendered":"O mn\u011b"},"content":{"rendered":"\n<p><img decoding=\"async\" src=\"http:\/\/www.hanaoravcova.cz\/wp-content\/uploads\/2023\/03\/profil_foto1.jpg\" style=\"margin-right: 8px; float: left;\">Jsem terapeut, supervizor, kou\u010d, lektor a soci\u00e1ln\u00ed pracovn\u00edk. <br>M\u00fdmi klienty jsou dosp\u011bl\u00ed i d\u011bti, s&nbsp;nimi\u017e se setk\u00e1v\u00e1m v&nbsp;individu\u00e1ln\u00edch \u010di rodinn\u00fdch konzultac\u00edch. <br>Od r. 2010 tak\u00e9 p\u016fsob\u00edm jako supervizor pom\u00e1haj\u00edc\u00edch profesion\u00e1l\u016f i dobrovoln\u00edk\u016f v&nbsp;nejr\u016fzn\u011bj\u0161\u00edch pracovn\u00edch kontextech. Pracuji pod supervizn\u00edm veden\u00edm.<br>Jako lektor se v\u011bnuji zejm\u00e9na oblasti vzd\u011bl\u00e1v\u00e1n\u00ed soci\u00e1ln\u00edch pracovn\u00edk\u016f a tak\u00e9 oblasti v\u00fdchovy d\u011bt\u00ed v&nbsp;biologick\u00fdch a n\u00e1hradn\u00edch rodin\u00e1ch.<\/p>\n\n\n\n<p><strong>Z&nbsp;\u010deho \u010derp\u00e1m?<\/strong><\/p>\n\n\n\n<p>Vystudovala jsem nejd\u0159\u00edve obor arteterapie a pak etiku v&nbsp;soci\u00e1ln\u00ed pr\u00e1ci na Jiho\u010desk\u00e9 univerzit\u011b v&nbsp;\u010cesk\u00fdch Bud\u011bjovic\u00edch. Absolvovala jsem p\u0159i studiu v\u00fdcvik v&nbsp;interven\u010dn\u00ed arteterapii, pot\u00e9 komplexn\u00ed psychoterapeutick\u00fd v\u00fdcvik v&nbsp;p\u0159\u00edstupu zam\u011b\u0159en\u00e9m na \u0159e\u0161en\u00ed (Dalet Olomouc) a v\u00fdcvik supervize a kou\u010dov\u00e1n\u00ed zam\u011b\u0159en\u00e9 na \u0159e\u0161en\u00ed (oboj\u00ed Dalet Olomouc). Jsem rovn\u011b\u017e certifikovan\u00fd Kids&#8216; Skills kou\u010d (v\u00edce o Kids\u00b4 Skills najdete zde. <a href=\"https:\/\/www.kidsskills.cz\/\">www.kidsskills.cz<\/a>.<br>Patn\u00e1ct let jsem p\u016fsobila v neziskov\u00e9 organizaci ST\u0158ED, z. \u00fa. jako ter\u00e9nn\u00ed soci\u00e1ln\u00ed pracovn\u00edk, koordin\u00e1tor soci\u00e1ln\u011b aktiviza\u010dn\u00ed slu\u017eby pro rodiny a odborn\u00fd pracovn\u00edk pro pr\u00e1ci s rodinami a d\u011btmi (cochemsk\u00e1 praxe, asistovan\u00e9 kontakty, terapie s d\u011btmi, vzd\u011bl\u00e1v\u00e1n\u00ed pro rodi\u010de a p\u011bstouny).<\/p>\n\n\n\n<p>Sna\u017e\u00edm se o mezioborov\u00e9 p\u0159esahy soci\u00e1ln\u00ed pr\u00e1ce, psychoterapie, speci\u00e1ln\u00ed pedagogiky, filozofie a etiky.<\/p>\n\n\n\n<p><strong>Co je pro m\u011b v&nbsp;konzultac\u00edch a superviz\u00edch typick\u00e9?<\/strong><\/p>\n\n\n\n<p>Otev\u00edr\u00e1n\u00ed r\u016fzn\u00fdch pohled\u016f a perspektiv na klientovu situaci.<br>D\u016fv\u011bra ve zm\u011bnu a ve zdroje klienta.<br>Otev\u0159enost, reflektov\u00e1n\u00ed procesu a pr\u00e1ce s&nbsp;mal\u00fdmi kroky.<br>Z\u00e1jem o etickou rovinu probl\u00e9m\u016f.<br>Hravost, tvo\u0159ivost, humor, ob\u010das metaforick\u00fd jazyk, duchovn\u00ed p\u0159esahy.<br>Kombinov\u00e1n\u00ed technik a metod z&nbsp;r\u016fzn\u00fdch p\u0159\u00edstup\u016f, ale v\u017edy na pozad\u00ed p\u0159\u00edstupu zam\u011b\u0159en\u00e9ho na \u0159e\u0161en\u00ed.<\/p>\n\n\n\n<p><\/p>\n","protected":false},"excerpt":{"rendered":"<p>Jsem terapeut, supervizor, kou\u010d, lektor a soci\u00e1ln\u00ed pracovn\u00edk. M\u00fdmi klienty jsou dosp\u011bl\u00ed i d\u011bti, s&nbsp;nimi\u017e se setk\u00e1v\u00e1m v&nbsp;individu\u00e1ln\u00edch \u010di rodinn\u00fdch konzultac\u00edch. Od r. 2010 tak\u00e9 p\u016fsob\u00edm jako supervizor pom\u00e1haj\u00edc\u00edch profesion\u00e1l\u016f i dobrovoln\u00edk\u016f v&nbsp;nejr\u016fzn\u011bj\u0161\u00edch pracovn\u00edch kontextech. Pracuji pod supervizn\u00edm veden\u00edm.Jako lektor se v\u011bnuji zejm\u00e9na oblasti vzd\u011bl\u00e1v\u00e1n\u00ed soci\u00e1ln\u00edch pracovn\u00edk\u016f a tak\u00e9 oblasti v\u00fdchovy d\u011bt\u00ed v&nbsp;biologick\u00fdch a n\u00e1hradn\u00edch&hellip; <a class=\"more-link\" href=\"https:\/\/www.hanaoravcova.cz\/?page_id=31\">Pokra\u010dovat ve\u00a0\u010dten\u00ed <span class=\"screen-reader-text\">O mn\u011b<\/span><\/a><\/p>\n","protected":false},"author":1,"featured_media":0,"parent":0,"menu_order":0,"comment_status":"closed","ping_status":"closed","template":"","meta":{"footnotes":""},"class_list":["post-31","page","type-page","status-publish","hentry","entry"],"yoast_head":"<!-- This site is optimized with the Yoast SEO plugin v20.2.1 - https:\/\/yoast.com\/wordpress\/plugins\/seo\/ -->\n<title>Psychologick\u00e9 poradenstv\u00ed a terapie O mn\u011b - HANA POKORN\u00c1 ORAVCOV\u00c1<\/title>\n<meta name=\"description\" content=\"Psychologick\u00e9 poradenstv\u00ed a terapie pro d\u011bti a dosp\u011bl\u00e9, individu\u00e1ln\u00ed, p\u00e1rov\u00e9 a rodinn\u00e9 konzultace, supervize a kou\u010dov\u00e1n\u00ed, vzd\u011bl\u00e1v\u00e1n\u00ed\" \/>\n<meta name=\"robots\" content=\"index, follow, max-snippet:-1, max-image-preview:large, max-video-preview:-1\" \/>\n<link rel=\"canonical\" href=\"https:\/\/www.hanaoravcova.cz\/?page_id=31\" \/>\n<meta property=\"og:locale\" content=\"cs_CZ\" \/>\n<meta property=\"og:type\" content=\"article\" \/>\n<meta property=\"og:title\" content=\"Psychologick\u00e9 poradenstv\u00ed a terapie O mn\u011b - HANA POKORN\u00c1 ORAVCOV\u00c1\" \/>\n<meta property=\"og:description\" content=\"Psychologick\u00e9 poradenstv\u00ed a terapie pro d\u011bti a dosp\u011bl\u00e9, individu\u00e1ln\u00ed, p\u00e1rov\u00e9 a rodinn\u00e9 konzultace, supervize a kou\u010dov\u00e1n\u00ed, vzd\u011bl\u00e1v\u00e1n\u00ed\" \/>\n<meta property=\"og:url\" content=\"https:\/\/www.hanaoravcova.cz\/?page_id=31\" \/>\n<meta property=\"og:site_name\" content=\"HANA POKORN\u00c1 ORAVCOV\u00c1\" \/>\n<meta property=\"article:modified_time\" content=\"2023-03-20T18:08:59+00:00\" \/>\n<meta property=\"og:image\" content=\"http:\/\/www.hanaoravcova.cz\/wp-content\/uploads\/2023\/03\/profil_foto1.jpg\" \/>\n<meta name=\"twitter:card\" content=\"summary_large_image\" \/>\n<meta name=\"twitter:label1\" content=\"Odhadovan\u00e1 doba \u010dten\u00ed\" \/>\n\t<meta name=\"twitter:data1\" content=\"2 minuty\" \/>\n<script type=\"application\/ld+json\" class=\"yoast-schema-graph\">{\"@context\":\"https:\/\/schema.org\",\"@graph\":[{\"@type\":\"WebPage\",\"@id\":\"https:\/\/www.hanaoravcova.cz\/?page_id=31\",\"url\":\"https:\/\/www.hanaoravcova.cz\/?page_id=31\",\"name\":\"Psychologick\u00e9 poradenstv\u00ed a terapie O mn\u011b - HANA POKORN\u00c1 ORAVCOV\u00c1\",\"isPartOf\":{\"@id\":\"https:\/\/www.hanaoravcova.cz\/#website\"},\"datePublished\":\"2023-02-22T18:47:28+00:00\",\"dateModified\":\"2023-03-20T18:08:59+00:00\",\"description\":\"Psychologick\u00e9 poradenstv\u00ed a terapie pro d\u011bti a dosp\u011bl\u00e9, individu\u00e1ln\u00ed, p\u00e1rov\u00e9 a rodinn\u00e9 konzultace, supervize a kou\u010dov\u00e1n\u00ed, vzd\u011bl\u00e1v\u00e1n\u00ed\",\"breadcrumb\":{\"@id\":\"https:\/\/www.hanaoravcova.cz\/?page_id=31#breadcrumb\"},\"inLanguage\":\"cs\",\"potentialAction\":[{\"@type\":\"ReadAction\",\"target\":[\"https:\/\/www.hanaoravcova.cz\/?page_id=31\"]}]},{\"@type\":\"BreadcrumbList\",\"@id\":\"https:\/\/www.hanaoravcova.cz\/?page_id=31#breadcrumb\",\"itemListElement\":[{\"@type\":\"ListItem\",\"position\":1,\"name\":\"Dom\u016f\",\"item\":\"https:\/\/www.hanaoravcova.cz\/\"},{\"@type\":\"ListItem\",\"position\":2,\"name\":\"O mn\u011b\"}]},{\"@type\":\"WebSite\",\"@id\":\"https:\/\/www.hanaoravcova.cz\/#website\",\"url\":\"https:\/\/www.hanaoravcova.cz\/\",\"name\":\"HANA POKORN\u00c1 ORAVCOV\u00c1\",\"description\":\"terapie - supervize - vzd\u011bl\u00e1v\u00e1n\u00ed\",\"potentialAction\":[{\"@type\":\"SearchAction\",\"target\":{\"@type\":\"EntryPoint\",\"urlTemplate\":\"https:\/\/www.hanaoravcova.cz\/?s={search_term_string}\"},\"query-input\":\"required name=search_term_string\"}],\"inLanguage\":\"cs\"}]}<\/script>\n<!-- \/ Yoast SEO plugin. -->","yoast_head_json":{"title":"Psychologick\u00e9 poradenstv\u00ed a terapie O mn\u011b - HANA POKORN\u00c1 ORAVCOV\u00c1","description":"Psychologick\u00e9 poradenstv\u00ed a terapie pro d\u011bti a dosp\u011bl\u00e9, individu\u00e1ln\u00ed, p\u00e1rov\u00e9 a rodinn\u00e9 konzultace, supervize a kou\u010dov\u00e1n\u00ed, vzd\u011bl\u00e1v\u00e1n\u00ed","robots":{"index":"index","follow":"follow","max-snippet":"max-snippet:-1","max-image-preview":"max-image-preview:large","max-video-preview":"max-video-preview:-1"},"canonical":"https:\/\/www.hanaoravcova.cz\/?page_id=31","og_locale":"cs_CZ","og_type":"article","og_title":"Psychologick\u00e9 poradenstv\u00ed a terapie O mn\u011b - HANA POKORN\u00c1 ORAVCOV\u00c1","og_description":"Psychologick\u00e9 poradenstv\u00ed a terapie pro d\u011bti a dosp\u011bl\u00e9, individu\u00e1ln\u00ed, p\u00e1rov\u00e9 a rodinn\u00e9 konzultace, supervize a kou\u010dov\u00e1n\u00ed, vzd\u011bl\u00e1v\u00e1n\u00ed","og_url":"https:\/\/www.hanaoravcova.cz\/?page_id=31","og_site_name":"HANA POKORN\u00c1 ORAVCOV\u00c1","article_modified_time":"2023-03-20T18:08:59+00:00","og_image":[{"url":"http:\/\/www.hanaoravcova.cz\/wp-content\/uploads\/2023\/03\/profil_foto1.jpg"}],"twitter_card":"summary_large_image","twitter_misc":{"Odhadovan\u00e1 doba \u010dten\u00ed":"2 minuty"},"schema":{"@context":"https:\/\/schema.org","@graph":[{"@type":"WebPage","@id":"https:\/\/www.hanaoravcova.cz\/?page_id=31","url":"https:\/\/www.hanaoravcova.cz\/?page_id=31","name":"Psychologick\u00e9 poradenstv\u00ed a terapie O mn\u011b - HANA POKORN\u00c1 ORAVCOV\u00c1","isPartOf":{"@id":"https:\/\/www.hanaoravcova.cz\/#website"},"datePublished":"2023-02-22T18:47:28+00:00","dateModified":"2023-03-20T18:08:59+00:00","description":"Psychologick\u00e9 poradenstv\u00ed a terapie pro d\u011bti a dosp\u011bl\u00e9, individu\u00e1ln\u00ed, p\u00e1rov\u00e9 a rodinn\u00e9 konzultace, supervize a kou\u010dov\u00e1n\u00ed, vzd\u011bl\u00e1v\u00e1n\u00ed","breadcrumb":{"@id":"https:\/\/www.hanaoravcova.cz\/?page_id=31#breadcrumb"},"inLanguage":"cs","potentialAction":[{"@type":"ReadAction","target":["https:\/\/www.hanaoravcova.cz\/?page_id=31"]}]},{"@type":"BreadcrumbList","@id":"https:\/\/www.hanaoravcova.cz\/?page_id=31#breadcrumb","itemListElement":[{"@type":"ListItem","position":1,"name":"Dom\u016f","item":"https:\/\/www.hanaoravcova.cz\/"},{"@type":"ListItem","position":2,"name":"O mn\u011b"}]},{"@type":"WebSite","@id":"https:\/\/www.hanaoravcova.cz\/#website","url":"https:\/\/www.hanaoravcova.cz\/","name":"HANA POKORN\u00c1 ORAVCOV\u00c1","description":"terapie - supervize - vzd\u011bl\u00e1v\u00e1n\u00ed","potentialAction":[{"@type":"SearchAction","target":{"@type":"EntryPoint","urlTemplate":"https:\/\/www.hanaoravcova.cz\/?s={search_term_string}"},"query-input":"required name=search_term_string"}],"inLanguage":"cs"}]}},"_links":{"self":[{"href":"https:\/\/www.hanaoravcova.cz\/index.php?rest_route=\/wp\/v2\/pages\/31","targetHints":{"allow":["GET"]}}],"collection":[{"href":"https:\/\/www.hanaoravcova.cz\/index.php?rest_route=\/wp\/v2\/pages"}],"about":[{"href":"https:\/\/www.hanaoravcova.cz\/index.php?rest_route=\/wp\/v2\/types\/page"}],"author":[{"embeddable":true,"href":"https:\/\/www.hanaoravcova.cz\/index.php?rest_route=\/wp\/v2\/users\/1"}],"replies":[{"embeddable":true,"href":"https:\/\/www.hanaoravcova.cz\/index.php?rest_route=%2Fwp%2Fv2%2Fcomments&post=31"}],"version-history":[{"count":13,"href":"https:\/\/www.hanaoravcova.cz\/index.php?rest_route=\/wp\/v2\/pages\/31\/revisions"}],"predecessor-version":[{"id":140,"href":"https:\/\/www.hanaoravcova.cz\/index.php?rest_route=\/wp\/v2\/pages\/31\/revisions\/140"}],"wp:attachment":[{"href":"https:\/\/www.hanaoravcova.cz\/index.php?rest_route=%2Fwp%2Fv2%2Fmedia&parent=31"}],"curies":[{"name":"wp","href":"https:\/\/api.w.org\/{rel}","templated":true}]}}